{"id":2,"date":"2018-01-16T21:23:19","date_gmt":"2018-01-16T21:23:19","guid":{"rendered":"http:\/\/www.glissando-musiklager.ch\/web\/?page_id=2"},"modified":"2022-01-02T16:24:26","modified_gmt":"2022-01-02T16:24:26","slug":"startseite","status":"publish","type":"page","link":"https:\/\/www.glissando-musiklager.ch\/web\/","title":{"rendered":"Glissando &#8211; Das Musiklager f\u00fcr Klein und Gross"},"content":{"rendered":"\n<p>Herzlich willkommen und sch\u00f6n, dass Sie auf unserer Webseite gelandet sind. Doch was ist &#8220;<strong>Glissando<\/strong>&#8220;?<\/p>\n\n\n\n<p>Es handelt sich bei Glissando um ein Blasmusiklager in der Region Basel f\u00fcr Klein und Gross, Jung und Alt, Anf\u00e4nger und Routiniers. Gerne stellen wir es Ihnen auf dieser Plattform n\u00e4her vor.<\/p>\n\n\n\n<p>Erstmals haben wir 2014 ein solches Lager erfolgreich durchgef\u00fchrt. Die stetige Nachfrage nach einer Wiederholung best\u00e4rkt uns in der Gewissheit, dass dieses Angebot seine L\u00fccke gefunden hat.<\/p>\n\n\n\n<p>Im <span style=\"color: #ff9900;\"><strong>Herbst 2022<\/strong><\/span> m\u00f6chten wir nun definitiv eine vierte Ausgabe des Musiklagers anbieten. Die Angaben dazu sind auf <a href=\"https:\/\/www.glissando-musiklager.ch\/web\/startseite\/musiklager-2022\/\">diesen Seiten<\/a> zu finden.<\/p>\n","protected":false},"excerpt":{"rendered":"<p>Herzlich willkommen und sch\u00f6n, dass Sie auf unserer Webseite gelandet sind. Doch was ist &#8220;Glissando&#8220;? Es handelt sich bei Glissando um ein Blasmusiklager in der Region Basel f\u00fcr Klein und Gross, Jung und Alt, Anf\u00e4nger und Routiniers. Gerne stellen wir es Ihnen auf dieser Plattform n\u00e4her vor. Erstmals haben wir 2014 ein solches Lager erfolgreich [&hellip;]<\/p>\n","protected":false},"author":1,"featured_media":0,"parent":0,"menu_order":0,"comment_status":"closed","ping_status":"open","template":"template-fullwidth.php","meta":{"jetpack_post_was_ever_published":false,"footnotes":""},"class_list":["post-2","page","type-page","status-publish","hentry","post-preview"],"yoast_head":"<!-- This site is optimized with the Yoast SEO plugin v24.7 - https:\/\/yoast.com\/wordpress\/plugins\/seo\/ -->\n<title>Glissando - Das Musiklager f\u00fcr Klein und Gross | Glissando<\/title>\n<meta name=\"robots\" content=\"index, follow, max-snippet:-1, max-image-preview:large, max-video-preview:-1\" \/>\n<link rel=\"canonical\" href=\"https:\/\/www.glissando-musiklager.ch\/web\/\" \/>\n<meta property=\"og:locale\" content=\"de_DE\" \/>\n<meta property=\"og:type\" content=\"article\" \/>\n<meta property=\"og:title\" content=\"Glissando - Das Musiklager f\u00fcr Klein und Gross | Glissando\" \/>\n<meta property=\"og:description\" content=\"Herzlich willkommen und sch\u00f6n, dass Sie auf unserer Webseite gelandet sind. Doch was ist &#8220;Glissando&#8220;? Es handelt sich bei Glissando um ein Blasmusiklager in der Region Basel f\u00fcr Klein und Gross, Jung und Alt, Anf\u00e4nger und Routiniers. Gerne stellen wir es Ihnen auf dieser Plattform n\u00e4her vor. Erstmals haben wir 2014 ein solches Lager erfolgreich [&hellip;]\" \/>\n<meta property=\"og:url\" content=\"https:\/\/www.glissando-musiklager.ch\/web\/\" \/>\n<meta property=\"og:site_name\" content=\"Glissando\" \/>\n<meta property=\"article:publisher\" content=\"https:\/\/www.facebook.com\/glissandolager\/\" \/>\n<meta property=\"article:modified_time\" content=\"2022-01-02T16:24:26+00:00\" \/>\n<meta property=\"og:image\" content=\"https:\/\/www.glissando-musiklager.ch\/web\/wp-content\/uploads\/2018\/02\/Kamera_Flo_278-1024x768.jpg\" \/>\n\t<meta property=\"og:image:width\" content=\"1024\" \/>\n\t<meta property=\"og:image:height\" content=\"768\" \/>\n\t<meta property=\"og:image:type\" content=\"image\/jpeg\" \/>\n<meta name=\"twitter:card\" content=\"summary_large_image\" \/>\n<meta name=\"twitter:label1\" content=\"Gesch\u00e4tzte Lesezeit\" \/>\n\t<meta name=\"twitter:data1\" content=\"1\u00a0Minute\" \/>\n<script type=\"application\/ld+json\" class=\"yoast-schema-graph\">{\"@context\":\"https:\/\/schema.org\",\"@graph\":[{\"@type\":\"WebPage\",\"@id\":\"https:\/\/www.glissando-musiklager.ch\/web\/\",\"url\":\"https:\/\/www.glissando-musiklager.ch\/web\/\",\"name\":\"Glissando - Das Musiklager f\u00fcr Klein und Gross | Glissando\",\"isPartOf\":{\"@id\":\"https:\/\/www.glissando-musiklager.ch\/web\/#website\"},\"datePublished\":\"2018-01-16T21:23:19+00:00\",\"dateModified\":\"2022-01-02T16:24:26+00:00\",\"breadcrumb\":{\"@id\":\"https:\/\/www.glissando-musiklager.ch\/web\/#breadcrumb\"},\"inLanguage\":\"de\",\"potentialAction\":[{\"@type\":\"ReadAction\",\"target\":[\"https:\/\/www.glissando-musiklager.ch\/web\/\"]}]},{\"@type\":\"BreadcrumbList\",\"@id\":\"https:\/\/www.glissando-musiklager.ch\/web\/#breadcrumb\",\"itemListElement\":[{\"@type\":\"ListItem\",\"position\":1,\"name\":\"Startseite\",\"item\":\"https:\/\/www.glissando-musiklager.ch\/web\/\"},{\"@type\":\"ListItem\",\"position\":2,\"name\":\"Glissando &#8211; Das Musiklager f\u00fcr Klein und Gross\"}]},{\"@type\":\"WebSite\",\"@id\":\"https:\/\/www.glissando-musiklager.ch\/web\/#website\",\"url\":\"https:\/\/www.glissando-musiklager.ch\/web\/\",\"name\":\"Glissando\",\"description\":\"Das Musiklager f\u00fcr Klein und Gross\",\"publisher\":{\"@id\":\"https:\/\/www.glissando-musiklager.ch\/web\/#organization\"},\"potentialAction\":[{\"@type\":\"SearchAction\",\"target\":{\"@type\":\"EntryPoint\",\"urlTemplate\":\"https:\/\/www.glissando-musiklager.ch\/web\/?s={search_term_string}\"},\"query-input\":{\"@type\":\"PropertyValueSpecification\",\"valueRequired\":true,\"valueName\":\"search_term_string\"}}],\"inLanguage\":\"de\"},{\"@type\":\"Organization\",\"@id\":\"https:\/\/www.glissando-musiklager.ch\/web\/#organization\",\"name\":\"Glissando-Musiklager\",\"url\":\"https:\/\/www.glissando-musiklager.ch\/web\/\",\"logo\":{\"@type\":\"ImageObject\",\"inLanguage\":\"de\",\"@id\":\"https:\/\/www.glissando-musiklager.ch\/web\/#\/schema\/logo\/image\/\",\"url\":\"https:\/\/www.glissando-musiklager.ch\/web\/wp-content\/uploads\/2018\/02\/2018-02-10-PHOTO-00000256.jpg\",\"contentUrl\":\"https:\/\/www.glissando-musiklager.ch\/web\/wp-content\/uploads\/2018\/02\/2018-02-10-PHOTO-00000256.jpg\",\"width\":1600,\"height\":707,\"caption\":\"Glissando-Musiklager\"},\"image\":{\"@id\":\"https:\/\/www.glissando-musiklager.ch\/web\/#\/schema\/logo\/image\/\"},\"sameAs\":[\"https:\/\/www.facebook.com\/glissandolager\/\"]}]}<\/script>\n<!-- \/ Yoast SEO plugin. -->","yoast_head_json":{"title":"Glissando - Das Musiklager f\u00fcr Klein und Gross | Glissando","robots":{"index":"index","follow":"follow","max-snippet":"max-snippet:-1","max-image-preview":"max-image-preview:large","max-video-preview":"max-video-preview:-1"},"canonical":"https:\/\/www.glissando-musiklager.ch\/web\/","og_locale":"de_DE","og_type":"article","og_title":"Glissando - Das Musiklager f\u00fcr Klein und Gross | Glissando","og_description":"Herzlich willkommen und sch\u00f6n, dass Sie auf unserer Webseite gelandet sind. Doch was ist &#8220;Glissando&#8220;? Es handelt sich bei Glissando um ein Blasmusiklager in der Region Basel f\u00fcr Klein und Gross, Jung und Alt, Anf\u00e4nger und Routiniers. Gerne stellen wir es Ihnen auf dieser Plattform n\u00e4her vor. Erstmals haben wir 2014 ein solches Lager erfolgreich [&hellip;]","og_url":"https:\/\/www.glissando-musiklager.ch\/web\/","og_site_name":"Glissando","article_publisher":"https:\/\/www.facebook.com\/glissandolager\/","article_modified_time":"2022-01-02T16:24:26+00:00","og_image":[{"width":1024,"height":768,"url":"https:\/\/www.glissando-musiklager.ch\/web\/wp-content\/uploads\/2018\/02\/Kamera_Flo_278-1024x768.jpg","type":"image\/jpeg"}],"twitter_card":"summary_large_image","twitter_misc":{"Gesch\u00e4tzte Lesezeit":"1\u00a0Minute"},"schema":{"@context":"https:\/\/schema.org","@graph":[{"@type":"WebPage","@id":"https:\/\/www.glissando-musiklager.ch\/web\/","url":"https:\/\/www.glissando-musiklager.ch\/web\/","name":"Glissando - Das Musiklager f\u00fcr Klein und Gross | Glissando","isPartOf":{"@id":"https:\/\/www.glissando-musiklager.ch\/web\/#website"},"datePublished":"2018-01-16T21:23:19+00:00","dateModified":"2022-01-02T16:24:26+00:00","breadcrumb":{"@id":"https:\/\/www.glissando-musiklager.ch\/web\/#breadcrumb"},"inLanguage":"de","potentialAction":[{"@type":"ReadAction","target":["https:\/\/www.glissando-musiklager.ch\/web\/"]}]},{"@type":"BreadcrumbList","@id":"https:\/\/www.glissando-musiklager.ch\/web\/#breadcrumb","itemListElement":[{"@type":"ListItem","position":1,"name":"Startseite","item":"https:\/\/www.glissando-musiklager.ch\/web\/"},{"@type":"ListItem","position":2,"name":"Glissando &#8211; Das Musiklager f\u00fcr Klein und Gross"}]},{"@type":"WebSite","@id":"https:\/\/www.glissando-musiklager.ch\/web\/#website","url":"https:\/\/www.glissando-musiklager.ch\/web\/","name":"Glissando","description":"Das Musiklager f\u00fcr Klein und Gross","publisher":{"@id":"https:\/\/www.glissando-musiklager.ch\/web\/#organization"},"potentialAction":[{"@type":"SearchAction","target":{"@type":"EntryPoint","urlTemplate":"https:\/\/www.glissando-musiklager.ch\/web\/?s={search_term_string}"},"query-input":{"@type":"PropertyValueSpecification","valueRequired":true,"valueName":"search_term_string"}}],"inLanguage":"de"},{"@type":"Organization","@id":"https:\/\/www.glissando-musiklager.ch\/web\/#organization","name":"Glissando-Musiklager","url":"https:\/\/www.glissando-musiklager.ch\/web\/","logo":{"@type":"ImageObject","inLanguage":"de","@id":"https:\/\/www.glissando-musiklager.ch\/web\/#\/schema\/logo\/image\/","url":"https:\/\/www.glissando-musiklager.ch\/web\/wp-content\/uploads\/2018\/02\/2018-02-10-PHOTO-00000256.jpg","contentUrl":"https:\/\/www.glissando-musiklager.ch\/web\/wp-content\/uploads\/2018\/02\/2018-02-10-PHOTO-00000256.jpg","width":1600,"height":707,"caption":"Glissando-Musiklager"},"image":{"@id":"https:\/\/www.glissando-musiklager.ch\/web\/#\/schema\/logo\/image\/"},"sameAs":["https:\/\/www.facebook.com\/glissandolager\/"]}]}},"jetpack_sharing_enabled":true,"jetpack_shortlink":"https:\/\/wp.me\/P9zYGu-2","_links":{"self":[{"href":"https:\/\/www.glissando-musiklager.ch\/web\/wp-json\/wp\/v2\/pages\/2","targetHints":{"allow":["GET"]}}],"collection":[{"href":"https:\/\/www.glissando-musiklager.ch\/web\/wp-json\/wp\/v2\/pages"}],"about":[{"href":"https:\/\/www.glissando-musiklager.ch\/web\/wp-json\/wp\/v2\/types\/page"}],"author":[{"embeddable":true,"href":"https:\/\/www.glissando-musiklager.ch\/web\/wp-json\/wp\/v2\/users\/1"}],"replies":[{"embeddable":true,"href":"https:\/\/www.glissando-musiklager.ch\/web\/wp-json\/wp\/v2\/comments?post=2"}],"version-history":[{"count":12,"href":"https:\/\/www.glissando-musiklager.ch\/web\/wp-json\/wp\/v2\/pages\/2\/revisions"}],"predecessor-version":[{"id":400,"href":"https:\/\/www.glissando-musiklager.ch\/web\/wp-json\/wp\/v2\/pages\/2\/revisions\/400"}],"wp:attachment":[{"href":"https:\/\/www.glissando-musiklager.ch\/web\/wp-json\/wp\/v2\/media?parent=2"}],"curies":[{"name":"wp","href":"https:\/\/api.w.org\/{rel}","templated":true}]}}