{"id":52,"date":"2018-01-20T21:37:04","date_gmt":"2018-01-20T21:37:04","guid":{"rendered":"http:\/\/www.glissando-musiklager.ch\/web\/?page_id=52"},"modified":"2022-01-02T16:22:00","modified_gmt":"2022-01-02T16:22:00","slug":"fuer-wen-ist-das-lager","status":"publish","type":"page","link":"https:\/\/www.glissando-musiklager.ch\/web\/startseite\/musiklager-2022\/fuer-wen-ist-das-lager\/","title":{"rendered":"F\u00fcr wen ist das Lager?"},"content":{"rendered":"\n<p>Wir suchen Kinder, Jugendliche und Erwachsene, die Freude am Musizieren haben, ein Blasinstrument oder Schlagzeug spielen und gerne innerhalb einer Woche ein Konzertprogramm einstudieren m\u00f6chten, das wir am Ende des Lagers pr\u00e4sentieren werden.<\/p>\n\n\n\n<p>Musikalisch sind wir darauf angewiesen, dass die Teilnehmenden seit mindestens zwei Jahren Unterricht auf ihrem Instrument haben, Noten lesen und die St\u00fccke im Vornherein selbst\u00e4ndig oder mit Hilfe der Instrumentallehrperson vorbereiten k\u00f6nnen.<\/p>\n\n\n\n<p>Da wir auf eine ausgewogene Besetzung angewiesen sind, ist die Teilnehmerzahl pro Register beschr\u00e4nkt. Schnellentschlossene werden aber nat\u00fcrlich bevorzugt. <a href=\"https:\/\/www.glissando-musiklager.ch\/web\/startseite\/musiklager-2022\/anmeldung\/\">Zur Anmeldung geht es hier<\/a>.<\/p>\n","protected":false},"excerpt":{"rendered":"<p>Wir suchen Kinder, Jugendliche und Erwachsene, die Freude am Musizieren haben, ein Blasinstrument oder Schlagzeug spielen und gerne innerhalb einer Woche ein Konzertprogramm einstudieren m\u00f6chten, das wir am Ende des Lagers pr\u00e4sentieren werden. Musikalisch sind wir darauf angewiesen, dass die Teilnehmenden seit mindestens zwei Jahren Unterricht auf ihrem Instrument haben, Noten lesen und die St\u00fccke [&hellip;]<\/p>\n","protected":false},"author":1,"featured_media":0,"parent":39,"menu_order":0,"comment_status":"closed","ping_status":"closed","template":"","meta":{"jetpack_post_was_ever_published":false,"footnotes":""},"class_list":["post-52","page","type-page","status-publish","hentry","post-preview"],"yoast_head":"<!-- This site is optimized with the Yoast SEO plugin v24.7 - https:\/\/yoast.com\/wordpress\/plugins\/seo\/ -->\n<title>F\u00fcr wen ist das Lager? | Glissando<\/title>\n<meta name=\"robots\" content=\"index, follow, max-snippet:-1, max-image-preview:large, max-video-preview:-1\" \/>\n<link rel=\"canonical\" href=\"https:\/\/www.glissando-musiklager.ch\/web\/startseite\/musiklager-2022\/fuer-wen-ist-das-lager\/\" \/>\n<meta property=\"og:locale\" content=\"de_DE\" \/>\n<meta property=\"og:type\" content=\"article\" \/>\n<meta property=\"og:title\" content=\"F\u00fcr wen ist das Lager? | Glissando\" \/>\n<meta property=\"og:description\" content=\"Wir suchen Kinder, Jugendliche und Erwachsene, die Freude am Musizieren haben, ein Blasinstrument oder Schlagzeug spielen und gerne innerhalb einer Woche ein Konzertprogramm einstudieren m\u00f6chten, das wir am Ende des Lagers pr\u00e4sentieren werden. Musikalisch sind wir darauf angewiesen, dass die Teilnehmenden seit mindestens zwei Jahren Unterricht auf ihrem Instrument haben, Noten lesen und die St\u00fccke [&hellip;]\" \/>\n<meta property=\"og:url\" content=\"https:\/\/www.glissando-musiklager.ch\/web\/startseite\/musiklager-2022\/fuer-wen-ist-das-lager\/\" \/>\n<meta property=\"og:site_name\" content=\"Glissando\" \/>\n<meta property=\"article:publisher\" content=\"https:\/\/www.facebook.com\/glissandolager\/\" \/>\n<meta property=\"article:modified_time\" content=\"2022-01-02T16:22:00+00:00\" \/>\n<meta property=\"og:image\" content=\"https:\/\/www.glissando-musiklager.ch\/web\/wp-content\/uploads\/2018\/02\/Kamera_Flo_278-1024x768.jpg\" \/>\n\t<meta property=\"og:image:width\" content=\"1024\" \/>\n\t<meta property=\"og:image:height\" content=\"768\" \/>\n\t<meta property=\"og:image:type\" content=\"image\/jpeg\" \/>\n<meta name=\"twitter:card\" content=\"summary_large_image\" \/>\n<meta name=\"twitter:label1\" content=\"Gesch\u00e4tzte Lesezeit\" \/>\n\t<meta name=\"twitter:data1\" content=\"1\u00a0Minute\" \/>\n<script type=\"application\/ld+json\" class=\"yoast-schema-graph\">{\"@context\":\"https:\/\/schema.org\",\"@graph\":[{\"@type\":\"WebPage\",\"@id\":\"https:\/\/www.glissando-musiklager.ch\/web\/startseite\/musiklager-2022\/fuer-wen-ist-das-lager\/\",\"url\":\"https:\/\/www.glissando-musiklager.ch\/web\/startseite\/musiklager-2022\/fuer-wen-ist-das-lager\/\",\"name\":\"F\u00fcr wen ist das Lager? | Glissando\",\"isPartOf\":{\"@id\":\"https:\/\/www.glissando-musiklager.ch\/web\/#website\"},\"datePublished\":\"2018-01-20T21:37:04+00:00\",\"dateModified\":\"2022-01-02T16:22:00+00:00\",\"breadcrumb\":{\"@id\":\"https:\/\/www.glissando-musiklager.ch\/web\/startseite\/musiklager-2022\/fuer-wen-ist-das-lager\/#breadcrumb\"},\"inLanguage\":\"de\",\"potentialAction\":[{\"@type\":\"ReadAction\",\"target\":[\"https:\/\/www.glissando-musiklager.ch\/web\/startseite\/musiklager-2022\/fuer-wen-ist-das-lager\/\"]}]},{\"@type\":\"BreadcrumbList\",\"@id\":\"https:\/\/www.glissando-musiklager.ch\/web\/startseite\/musiklager-2022\/fuer-wen-ist-das-lager\/#breadcrumb\",\"itemListElement\":[{\"@type\":\"ListItem\",\"position\":1,\"name\":\"Startseite\",\"item\":\"https:\/\/www.glissando-musiklager.ch\/web\/\"},{\"@type\":\"ListItem\",\"position\":2,\"name\":\"Glissando &#8211; Das Musiklager f\u00fcr Klein und Gross\",\"item\":\"https:\/\/www.glissando-musiklager.ch\/web\/\"},{\"@type\":\"ListItem\",\"position\":3,\"name\":\"Musiklager 2022\",\"item\":\"https:\/\/www.glissando-musiklager.ch\/web\/startseite\/musiklager-2022\/\"},{\"@type\":\"ListItem\",\"position\":4,\"name\":\"F\u00fcr wen ist das Lager?\"}]},{\"@type\":\"WebSite\",\"@id\":\"https:\/\/www.glissando-musiklager.ch\/web\/#website\",\"url\":\"https:\/\/www.glissando-musiklager.ch\/web\/\",\"name\":\"Glissando\",\"description\":\"Das Musiklager f\u00fcr Klein und Gross\",\"publisher\":{\"@id\":\"https:\/\/www.glissando-musiklager.ch\/web\/#organization\"},\"potentialAction\":[{\"@type\":\"SearchAction\",\"target\":{\"@type\":\"EntryPoint\",\"urlTemplate\":\"https:\/\/www.glissando-musiklager.ch\/web\/?s={search_term_string}\"},\"query-input\":{\"@type\":\"PropertyValueSpecification\",\"valueRequired\":true,\"valueName\":\"search_term_string\"}}],\"inLanguage\":\"de\"},{\"@type\":\"Organization\",\"@id\":\"https:\/\/www.glissando-musiklager.ch\/web\/#organization\",\"name\":\"Glissando-Musiklager\",\"url\":\"https:\/\/www.glissando-musiklager.ch\/web\/\",\"logo\":{\"@type\":\"ImageObject\",\"inLanguage\":\"de\",\"@id\":\"https:\/\/www.glissando-musiklager.ch\/web\/#\/schema\/logo\/image\/\",\"url\":\"https:\/\/www.glissando-musiklager.ch\/web\/wp-content\/uploads\/2018\/02\/2018-02-10-PHOTO-00000256.jpg\",\"contentUrl\":\"https:\/\/www.glissando-musiklager.ch\/web\/wp-content\/uploads\/2018\/02\/2018-02-10-PHOTO-00000256.jpg\",\"width\":1600,\"height\":707,\"caption\":\"Glissando-Musiklager\"},\"image\":{\"@id\":\"https:\/\/www.glissando-musiklager.ch\/web\/#\/schema\/logo\/image\/\"},\"sameAs\":[\"https:\/\/www.facebook.com\/glissandolager\/\"]}]}<\/script>\n<!-- \/ Yoast SEO plugin. -->","yoast_head_json":{"title":"F\u00fcr wen ist das Lager? | Glissando","robots":{"index":"index","follow":"follow","max-snippet":"max-snippet:-1","max-image-preview":"max-image-preview:large","max-video-preview":"max-video-preview:-1"},"canonical":"https:\/\/www.glissando-musiklager.ch\/web\/startseite\/musiklager-2022\/fuer-wen-ist-das-lager\/","og_locale":"de_DE","og_type":"article","og_title":"F\u00fcr wen ist das Lager? | Glissando","og_description":"Wir suchen Kinder, Jugendliche und Erwachsene, die Freude am Musizieren haben, ein Blasinstrument oder Schlagzeug spielen und gerne innerhalb einer Woche ein Konzertprogramm einstudieren m\u00f6chten, das wir am Ende des Lagers pr\u00e4sentieren werden. Musikalisch sind wir darauf angewiesen, dass die Teilnehmenden seit mindestens zwei Jahren Unterricht auf ihrem Instrument haben, Noten lesen und die St\u00fccke [&hellip;]","og_url":"https:\/\/www.glissando-musiklager.ch\/web\/startseite\/musiklager-2022\/fuer-wen-ist-das-lager\/","og_site_name":"Glissando","article_publisher":"https:\/\/www.facebook.com\/glissandolager\/","article_modified_time":"2022-01-02T16:22:00+00:00","og_image":[{"width":1024,"height":768,"url":"https:\/\/www.glissando-musiklager.ch\/web\/wp-content\/uploads\/2018\/02\/Kamera_Flo_278-1024x768.jpg","type":"image\/jpeg"}],"twitter_card":"summary_large_image","twitter_misc":{"Gesch\u00e4tzte Lesezeit":"1\u00a0Minute"},"schema":{"@context":"https:\/\/schema.org","@graph":[{"@type":"WebPage","@id":"https:\/\/www.glissando-musiklager.ch\/web\/startseite\/musiklager-2022\/fuer-wen-ist-das-lager\/","url":"https:\/\/www.glissando-musiklager.ch\/web\/startseite\/musiklager-2022\/fuer-wen-ist-das-lager\/","name":"F\u00fcr wen ist das Lager? | Glissando","isPartOf":{"@id":"https:\/\/www.glissando-musiklager.ch\/web\/#website"},"datePublished":"2018-01-20T21:37:04+00:00","dateModified":"2022-01-02T16:22:00+00:00","breadcrumb":{"@id":"https:\/\/www.glissando-musiklager.ch\/web\/startseite\/musiklager-2022\/fuer-wen-ist-das-lager\/#breadcrumb"},"inLanguage":"de","potentialAction":[{"@type":"ReadAction","target":["https:\/\/www.glissando-musiklager.ch\/web\/startseite\/musiklager-2022\/fuer-wen-ist-das-lager\/"]}]},{"@type":"BreadcrumbList","@id":"https:\/\/www.glissando-musiklager.ch\/web\/startseite\/musiklager-2022\/fuer-wen-ist-das-lager\/#breadcrumb","itemListElement":[{"@type":"ListItem","position":1,"name":"Startseite","item":"https:\/\/www.glissando-musiklager.ch\/web\/"},{"@type":"ListItem","position":2,"name":"Glissando &#8211; Das Musiklager f\u00fcr Klein und Gross","item":"https:\/\/www.glissando-musiklager.ch\/web\/"},{"@type":"ListItem","position":3,"name":"Musiklager 2022","item":"https:\/\/www.glissando-musiklager.ch\/web\/startseite\/musiklager-2022\/"},{"@type":"ListItem","position":4,"name":"F\u00fcr wen ist das Lager?"}]},{"@type":"WebSite","@id":"https:\/\/www.glissando-musiklager.ch\/web\/#website","url":"https:\/\/www.glissando-musiklager.ch\/web\/","name":"Glissando","description":"Das Musiklager f\u00fcr Klein und Gross","publisher":{"@id":"https:\/\/www.glissando-musiklager.ch\/web\/#organization"},"potentialAction":[{"@type":"SearchAction","target":{"@type":"EntryPoint","urlTemplate":"https:\/\/www.glissando-musiklager.ch\/web\/?s={search_term_string}"},"query-input":{"@type":"PropertyValueSpecification","valueRequired":true,"valueName":"search_term_string"}}],"inLanguage":"de"},{"@type":"Organization","@id":"https:\/\/www.glissando-musiklager.ch\/web\/#organization","name":"Glissando-Musiklager","url":"https:\/\/www.glissando-musiklager.ch\/web\/","logo":{"@type":"ImageObject","inLanguage":"de","@id":"https:\/\/www.glissando-musiklager.ch\/web\/#\/schema\/logo\/image\/","url":"https:\/\/www.glissando-musiklager.ch\/web\/wp-content\/uploads\/2018\/02\/2018-02-10-PHOTO-00000256.jpg","contentUrl":"https:\/\/www.glissando-musiklager.ch\/web\/wp-content\/uploads\/2018\/02\/2018-02-10-PHOTO-00000256.jpg","width":1600,"height":707,"caption":"Glissando-Musiklager"},"image":{"@id":"https:\/\/www.glissando-musiklager.ch\/web\/#\/schema\/logo\/image\/"},"sameAs":["https:\/\/www.facebook.com\/glissandolager\/"]}]}},"jetpack_sharing_enabled":true,"jetpack_shortlink":"https:\/\/wp.me\/P9zYGu-Q","_links":{"self":[{"href":"https:\/\/www.glissando-musiklager.ch\/web\/wp-json\/wp\/v2\/pages\/52","targetHints":{"allow":["GET"]}}],"collection":[{"href":"https:\/\/www.glissando-musiklager.ch\/web\/wp-json\/wp\/v2\/pages"}],"about":[{"href":"https:\/\/www.glissando-musiklager.ch\/web\/wp-json\/wp\/v2\/types\/page"}],"author":[{"embeddable":true,"href":"https:\/\/www.glissando-musiklager.ch\/web\/wp-json\/wp\/v2\/users\/1"}],"replies":[{"embeddable":true,"href":"https:\/\/www.glissando-musiklager.ch\/web\/wp-json\/wp\/v2\/comments?post=52"}],"version-history":[{"count":5,"href":"https:\/\/www.glissando-musiklager.ch\/web\/wp-json\/wp\/v2\/pages\/52\/revisions"}],"predecessor-version":[{"id":398,"href":"https:\/\/www.glissando-musiklager.ch\/web\/wp-json\/wp\/v2\/pages\/52\/revisions\/398"}],"up":[{"embeddable":true,"href":"https:\/\/www.glissando-musiklager.ch\/web\/wp-json\/wp\/v2\/pages\/39"}],"wp:attachment":[{"href":"https:\/\/www.glissando-musiklager.ch\/web\/wp-json\/wp\/v2\/media?parent=52"}],"curies":[{"name":"wp","href":"https:\/\/api.w.org\/{rel}","templated":true}]}}